{"id":31,"date":"2025-08-02T08:51:49","date_gmt":"2025-08-02T08:51:49","guid":{"rendered":"https:\/\/www.antoine-valentin.fr\/?page_id=31"},"modified":"2025-11-12T19:16:22","modified_gmt":"2025-11-12T19:16:22","slug":"contact","status":"publish","type":"page","link":"https:\/\/www.antoine-valentin.fr\/?page_id=31","title":{"rendered":"Contact"},"content":{"rendered":"\t\t<div data-elementor-type=\"wp-page\" data-elementor-id=\"31\" class=\"elementor elementor-31\">\n\t\t\t\t\t\t<section class=\"elementor-section elementor-top-section elementor-element elementor-element-b772030 elementor-section-boxed elementor-section-height-default elementor-section-height-default\" data-id=\"b772030\" data-element_type=\"section\">\n\t\t\t\t\t\t<div class=\"elementor-container elementor-column-gap-default\">\n\t\t\t\t\t<div class=\"elementor-column elementor-col-50 elementor-top-column elementor-element elementor-element-c1df0ed\" data-id=\"c1df0ed\" data-element_type=\"column\">\n\t\t\t<div class=\"elementor-widget-wrap elementor-element-populated\">\n\t\t\t\t\t\t<div class=\"elementor-element elementor-element-345409e elementor-widget elementor-widget-spacer\" data-id=\"345409e\" data-element_type=\"widget\" data-widget_type=\"spacer.default\">\n\t\t\t\t<div class=\"elementor-widget-container\">\n\t\t\t\t\t\t\t<div class=\"elementor-spacer\">\n\t\t\t<div class=\"elementor-spacer-inner\"><\/div>\n\t\t<\/div>\n\t\t\t\t\t\t<\/div>\n\t\t\t\t<\/div>\n\t\t\t\t\t<\/div>\n\t\t<\/div>\n\t\t\t\t<div class=\"elementor-column elementor-col-50 elementor-top-column elementor-element elementor-element-d812143\" data-id=\"d812143\" data-element_type=\"column\">\n\t\t\t<div class=\"elementor-widget-wrap elementor-element-populated\">\n\t\t\t\t\t\t<div class=\"elementor-element elementor-element-6fad5c8 elementor-widget elementor-widget-spacer\" data-id=\"6fad5c8\" data-element_type=\"widget\" data-widget_type=\"spacer.default\">\n\t\t\t\t<div class=\"elementor-widget-container\">\n\t\t\t\t\t\t\t<div class=\"elementor-spacer\">\n\t\t\t<div class=\"elementor-spacer-inner\"><\/div>\n\t\t<\/div>\n\t\t\t\t\t\t<\/div>\n\t\t\t\t<\/div>\n\t\t\t\t\t<\/div>\n\t\t<\/div>\n\t\t\t\t\t<\/div>\n\t\t<\/section>\n\t\t\t\t<section class=\"elementor-section elementor-top-section elementor-element elementor-element-8a08519 elementor-section-boxed elementor-section-height-default elementor-section-height-default\" data-id=\"8a08519\" data-element_type=\"section\">\n\t\t\t\t\t\t<div class=\"elementor-container elementor-column-gap-default\">\n\t\t\t\t\t<div class=\"elementor-column elementor-col-50 elementor-top-column elementor-element elementor-element-a8375a2\" data-id=\"a8375a2\" data-element_type=\"column\">\n\t\t\t<div class=\"elementor-widget-wrap elementor-element-populated\">\n\t\t\t\t\t\t<div class=\"elementor-element elementor-element-5356ad1 elementor-hidden-tablet elementor-hidden-mobile elementor-widget elementor-widget-google_maps\" data-id=\"5356ad1\" data-element_type=\"widget\" data-widget_type=\"google_maps.default\">\n\t\t\t\t<div class=\"elementor-widget-container\">\n\t\t\t\t\t\t\t<div class=\"elementor-custom-embed\">\n\t\t\t<iframe loading=\"lazy\"\n\t\t\t\t\tsrc=\"https:\/\/maps.google.com\/maps?q=Saint-Jeoire%2C%20rue%20du%20Faucigny&#038;t=m&#038;z=14&#038;output=embed&#038;iwloc=near\"\n\t\t\t\t\ttitle=\"Saint-Jeoire, rue du Faucigny\"\n\t\t\t\t\taria-label=\"Saint-Jeoire, rue du Faucigny\"\n\t\t\t><\/iframe>\n\t\t<\/div>\n\t\t\t\t\t\t<\/div>\n\t\t\t\t<\/div>\n\t\t\t\t\t<\/div>\n\t\t<\/div>\n\t\t\t\t<div class=\"elementor-column elementor-col-50 elementor-top-column elementor-element elementor-element-6214cc4\" data-id=\"6214cc4\" data-element_type=\"column\">\n\t\t\t<div class=\"elementor-widget-wrap elementor-element-populated\">\n\t\t\t\t\t\t<div class=\"elementor-element elementor-element-cb1f9ab elementor-widget elementor-widget-heading\" data-id=\"cb1f9ab\" data-element_type=\"widget\" data-widget_type=\"heading.default\">\n\t\t\t\t<div class=\"elementor-widget-container\">\n\t\t\t\t\t<h2 class=\"elementor-heading-title elementor-size-default\">Formulaire de contact<\/h2>\t\t\t\t<\/div>\n\t\t\t\t<\/div>\n\t\t\t\t<div class=\"elementor-element elementor-element-14ad110 elementor-widget elementor-widget-text-editor\" data-id=\"14ad110\" data-element_type=\"widget\" data-widget_type=\"text-editor.default\">\n\t\t\t\t<div class=\"elementor-widget-container\">\n\t\t\t\t\t\t\t\t\t<p><em>L&rsquo;ensemble des champs sont obligatoires*<\/em><\/p>\t\t\t\t\t\t\t\t<\/div>\n\t\t\t\t<\/div>\n\t\t\t\t<div class=\"elementor-element elementor-element-2738c5f elementor-button-align-stretch elementor-widget elementor-widget-form\" data-id=\"2738c5f\" data-element_type=\"widget\" data-settings=\"{&quot;step_next_label&quot;:&quot;Suivant&quot;,&quot;step_previous_label&quot;:&quot;Pr\\u00e9c\\u00e9dent&quot;,&quot;button_width&quot;:&quot;100&quot;,&quot;step_type&quot;:&quot;number_text&quot;,&quot;step_icon_shape&quot;:&quot;circle&quot;}\" data-widget_type=\"form.default\">\n\t\t\t\t<div class=\"elementor-widget-container\">\n\t\t\t\t\t\t\t<form class=\"elementor-form\" method=\"post\" name=\"Nouveau formulaire\">\n\t\t\t<input type=\"hidden\" name=\"post_id\" value=\"31\"\/>\n\t\t\t<input type=\"hidden\" name=\"form_id\" value=\"2738c5f\"\/>\n\t\t\t<input type=\"hidden\" name=\"referer_title\" value=\"Antoine VALENTIN\" \/>\n\n\t\t\t\n\t\t\t<div class=\"elementor-form-fields-wrapper elementor-labels-above\">\n\t\t\t\t\t\t\t\t<div class=\"elementor-field-type-text elementor-field-group elementor-column elementor-field-group-name elementor-col-100 elementor-field-required elementor-mark-required\">\n\t\t\t\t\t\t\t\t\t\t\t\t\t<input size=\"1\" type=\"text\" name=\"form_fields[name]\" id=\"form-field-name\" class=\"elementor-field elementor-size-sm  elementor-field-textual\" placeholder=\"Nom\" required=\"required\" aria-required=\"true\">\n\t\t\t\t\t\t\t\t\t\t\t<\/div>\n\t\t\t\t\t\t\t\t<div class=\"elementor-field-type-text elementor-field-group elementor-column elementor-field-group-field_6e98a4f elementor-col-100 elementor-field-required elementor-mark-required\">\n\t\t\t\t\t\t\t\t\t\t\t\t\t<input size=\"1\" type=\"text\" name=\"form_fields[field_6e98a4f]\" id=\"form-field-field_6e98a4f\" class=\"elementor-field elementor-size-sm  elementor-field-textual\" placeholder=\"Pr\u00e9nom\" required=\"required\" aria-required=\"true\">\n\t\t\t\t\t\t\t\t\t\t\t<\/div>\n\t\t\t\t\t\t\t\t<div class=\"elementor-field-type-tel elementor-field-group elementor-column elementor-field-group-field_c15566d elementor-col-100 elementor-field-required elementor-mark-required\">\n\t\t\t\t\t\t\t<input size=\"1\" type=\"tel\" name=\"form_fields[field_c15566d]\" id=\"form-field-field_c15566d\" class=\"elementor-field elementor-size-sm  elementor-field-textual\" placeholder=\"T\u00e9l\u00e9phone\" required=\"required\" aria-required=\"true\" pattern=\"[0-9()#&amp;+*-=.]+\" title=\"Seuls les caract\u00e8res de num\u00e9ros de t\u00e9l\u00e9phone (#, -, *, etc.) sont accept\u00e9s.\">\n\n\t\t\t\t\t\t<\/div>\n\t\t\t\t\t\t\t\t<div class=\"elementor-field-type-email elementor-field-group elementor-column elementor-field-group-email elementor-col-100 elementor-field-required elementor-mark-required\">\n\t\t\t\t\t\t\t\t\t\t\t\t\t<input size=\"1\" type=\"email\" name=\"form_fields[email]\" id=\"form-field-email\" class=\"elementor-field elementor-size-sm  elementor-field-textual\" placeholder=\"Adresse courriel\" required=\"required\" aria-required=\"true\">\n\t\t\t\t\t\t\t\t\t\t\t<\/div>\n\t\t\t\t\t\t\t\t<div class=\"elementor-field-type-textarea elementor-field-group elementor-column elementor-field-group-message elementor-col-100 elementor-field-required elementor-mark-required\">\n\t\t\t\t\t<textarea class=\"elementor-field-textual elementor-field  elementor-size-sm\" name=\"form_fields[message]\" id=\"form-field-message\" rows=\"4\" placeholder=\"Votre message\" required=\"required\" aria-required=\"true\"><\/textarea>\t\t\t\t<\/div>\n\t\t\t\t\t\t\t\t<div class=\"elementor-field-group elementor-column elementor-field-type-submit elementor-col-100 e-form__buttons\">\n\t\t\t\t\t<button type=\"submit\" class=\"elementor-button elementor-size-sm\">\n\t\t\t\t\t\t<span >\n\t\t\t\t\t\t\t\t\t\t\t\t\t\t\t<span class=\" elementor-button-icon\">\n\t\t\t\t\t\t\t\t\t\t\t\t\t\t\t\t\t\t\t\t\t\t\t\t\t\t<\/span>\n\t\t\t\t\t\t\t\t\t\t\t\t\t\t\t\t\t\t\t\t\t\t<span class=\"elementor-button-text\">Envoyer<\/span>\n\t\t\t\t\t\t\t\t\t\t\t\t\t<\/span>\n\t\t\t\t\t<\/button>\n\t\t\t\t<\/div>\n\t\t\t<\/div>\n\t\t<\/form>\n\t\t\t\t\t\t<\/div>\n\t\t\t\t<\/div>\n\t\t\t\t\t<\/div>\n\t\t<\/div>\n\t\t\t\t\t<\/div>\n\t\t<\/section>\n\t\t\t\t<section class=\"elementor-section elementor-top-section elementor-element elementor-element-b0d4a5c elementor-section-boxed elementor-section-height-default elementor-section-height-default\" data-id=\"b0d4a5c\" data-element_type=\"section\">\n\t\t\t\t\t\t<div class=\"elementor-container elementor-column-gap-default\">\n\t\t\t\t\t<div class=\"elementor-column elementor-col-100 elementor-top-column elementor-element elementor-element-7f99cb7\" data-id=\"7f99cb7\" data-element_type=\"column\">\n\t\t\t<div class=\"elementor-widget-wrap elementor-element-populated\">\n\t\t\t\t\t\t<div class=\"elementor-element elementor-element-032d8bf elementor-widget elementor-widget-spacer\" data-id=\"032d8bf\" data-element_type=\"widget\" data-widget_type=\"spacer.default\">\n\t\t\t\t<div class=\"elementor-widget-container\">\n\t\t\t\t\t\t\t<div class=\"elementor-spacer\">\n\t\t\t<div class=\"elementor-spacer-inner\"><\/div>\n\t\t<\/div>\n\t\t\t\t\t\t<\/div>\n\t\t\t\t<\/div>\n\t\t\t\t\t<\/div>\n\t\t<\/div>\n\t\t\t\t\t<\/div>\n\t\t<\/section>\n\t\t\t\t<section class=\"elementor-section elementor-top-section elementor-element elementor-element-dcb449a elementor-section-boxed elementor-section-height-default elementor-section-height-default\" data-id=\"dcb449a\" data-element_type=\"section\">\n\t\t\t\t\t\t<div class=\"elementor-container elementor-column-gap-default\">\n\t\t\t\t\t<div class=\"elementor-column elementor-col-100 elementor-top-column elementor-element elementor-element-40a83e5\" data-id=\"40a83e5\" data-element_type=\"column\">\n\t\t\t<div class=\"elementor-widget-wrap\">\n\t\t\t\t\t\t\t<\/div>\n\t\t<\/div>\n\t\t\t\t\t<\/div>\n\t\t<\/section>\n\t\t\t\t<\/div>\n\t\t","protected":false},"excerpt":{"rendered":"<p>Formulaire de contact L&rsquo;ensemble des champs sont obligatoires*<\/p>\n","protected":false},"author":1,"featured_media":21,"parent":0,"menu_order":0,"comment_status":"closed","ping_status":"closed","template":"","meta":{"footnotes":""},"class_list":["post-31","page","type-page","status-publish","has-post-thumbnail","hentry"],"yoast_head":"<!-- This site is optimized with the Yoast SEO plugin v25.6 - https:\/\/yoast.com\/wordpress\/plugins\/seo\/ -->\n<title>Contacter Antoine VALENTIN<\/title>\n<meta name=\"description\" content=\"Afin de contacter Antoine Valentin merci d&#039;utiliser ce formulaire\" \/>\n<meta name=\"robots\" content=\"index, follow, max-snippet:-1, max-image-preview:large, max-video-preview:-1\" \/>\n<link rel=\"canonical\" href=\"https:\/\/www.antoine-valentin.fr\/?page_id=31\" \/>\n<meta property=\"og:locale\" content=\"fr_FR\" \/>\n<meta property=\"og:type\" content=\"article\" \/>\n<meta property=\"og:title\" content=\"Contacter Antoine VALENTIN\" \/>\n<meta property=\"og:description\" content=\"Afin de contacter Antoine Valentin merci d&#039;utiliser ce formulaire\" \/>\n<meta property=\"og:url\" content=\"https:\/\/www.antoine-valentin.fr\/?page_id=31\" \/>\n<meta property=\"og:site_name\" content=\"Antoine VALENTIN\" \/>\n<meta property=\"article:modified_time\" content=\"2025-11-12T19:16:22+00:00\" \/>\n<meta property=\"og:image\" content=\"https:\/\/www.antoine-valentin.fr\/wp-content\/uploads\/2025\/07\/Design-sans-titre-19.png\" \/>\n\t<meta property=\"og:image:width\" content=\"1080\" \/>\n\t<meta property=\"og:image:height\" content=\"1080\" \/>\n\t<meta property=\"og:image:type\" content=\"image\/png\" \/>\n<meta name=\"twitter:card\" content=\"summary_large_image\" \/>\n<meta name=\"twitter:label1\" content=\"Dur\u00e9e de lecture estim\u00e9e\" \/>\n\t<meta name=\"twitter:data1\" content=\"1 minute\" \/>\n<script type=\"application\/ld+json\" class=\"yoast-schema-graph\">{\"@context\":\"https:\/\/schema.org\",\"@graph\":[{\"@type\":\"WebPage\",\"@id\":\"https:\/\/www.antoine-valentin.fr\/?page_id=31\",\"url\":\"https:\/\/www.antoine-valentin.fr\/?page_id=31\",\"name\":\"Contacter Antoine VALENTIN\",\"isPartOf\":{\"@id\":\"https:\/\/www.antoine-valentin.fr\/#website\"},\"primaryImageOfPage\":{\"@id\":\"https:\/\/www.antoine-valentin.fr\/?page_id=31#primaryimage\"},\"image\":{\"@id\":\"https:\/\/www.antoine-valentin.fr\/?page_id=31#primaryimage\"},\"thumbnailUrl\":\"https:\/\/www.antoine-valentin.fr\/wp-content\/uploads\/2025\/07\/Design-sans-titre-19.png\",\"datePublished\":\"2025-08-02T08:51:49+00:00\",\"dateModified\":\"2025-11-12T19:16:22+00:00\",\"description\":\"Afin de contacter Antoine Valentin merci d'utiliser ce formulaire\",\"breadcrumb\":{\"@id\":\"https:\/\/www.antoine-valentin.fr\/?page_id=31#breadcrumb\"},\"inLanguage\":\"fr-FR\",\"potentialAction\":[{\"@type\":\"ReadAction\",\"target\":[\"https:\/\/www.antoine-valentin.fr\/?page_id=31\"]}]},{\"@type\":\"ImageObject\",\"inLanguage\":\"fr-FR\",\"@id\":\"https:\/\/www.antoine-valentin.fr\/?page_id=31#primaryimage\",\"url\":\"https:\/\/www.antoine-valentin.fr\/wp-content\/uploads\/2025\/07\/Design-sans-titre-19.png\",\"contentUrl\":\"https:\/\/www.antoine-valentin.fr\/wp-content\/uploads\/2025\/07\/Design-sans-titre-19.png\",\"width\":1080,\"height\":1080,\"caption\":\"ANTOINE VALENTIN - MAIRE DE SAINT JEOIRE\"},{\"@type\":\"BreadcrumbList\",\"@id\":\"https:\/\/www.antoine-valentin.fr\/?page_id=31#breadcrumb\",\"itemListElement\":[{\"@type\":\"ListItem\",\"position\":1,\"name\":\"Home\",\"item\":\"https:\/\/www.antoine-valentin.fr\/\"},{\"@type\":\"ListItem\",\"position\":2,\"name\":\"Contact\"}]},{\"@type\":\"WebSite\",\"@id\":\"https:\/\/www.antoine-valentin.fr\/#website\",\"url\":\"https:\/\/www.antoine-valentin.fr\/\",\"name\":\"Antoine VALENTIN\",\"description\":\"\ud83c\uddeb\ud83c\uddf7 Elu local engag\u00e9 au service de la Haute-Savoie\",\"potentialAction\":[{\"@type\":\"SearchAction\",\"target\":{\"@type\":\"EntryPoint\",\"urlTemplate\":\"https:\/\/www.antoine-valentin.fr\/?s={search_term_string}\"},\"query-input\":{\"@type\":\"PropertyValueSpecification\",\"valueRequired\":true,\"valueName\":\"search_term_string\"}}],\"inLanguage\":\"fr-FR\"}]}<\/script>\n<!-- \/ Yoast SEO plugin. -->","yoast_head_json":{"title":"Contacter Antoine VALENTIN","description":"Afin de contacter Antoine Valentin merci d'utiliser ce formulaire","robots":{"index":"index","follow":"follow","max-snippet":"max-snippet:-1","max-image-preview":"max-image-preview:large","max-video-preview":"max-video-preview:-1"},"canonical":"https:\/\/www.antoine-valentin.fr\/?page_id=31","og_locale":"fr_FR","og_type":"article","og_title":"Contacter Antoine VALENTIN","og_description":"Afin de contacter Antoine Valentin merci d'utiliser ce formulaire","og_url":"https:\/\/www.antoine-valentin.fr\/?page_id=31","og_site_name":"Antoine VALENTIN","article_modified_time":"2025-11-12T19:16:22+00:00","og_image":[{"width":1080,"height":1080,"url":"https:\/\/www.antoine-valentin.fr\/wp-content\/uploads\/2025\/07\/Design-sans-titre-19.png","type":"image\/png"}],"twitter_card":"summary_large_image","twitter_misc":{"Dur\u00e9e de lecture estim\u00e9e":"1 minute"},"schema":{"@context":"https:\/\/schema.org","@graph":[{"@type":"WebPage","@id":"https:\/\/www.antoine-valentin.fr\/?page_id=31","url":"https:\/\/www.antoine-valentin.fr\/?page_id=31","name":"Contacter Antoine VALENTIN","isPartOf":{"@id":"https:\/\/www.antoine-valentin.fr\/#website"},"primaryImageOfPage":{"@id":"https:\/\/www.antoine-valentin.fr\/?page_id=31#primaryimage"},"image":{"@id":"https:\/\/www.antoine-valentin.fr\/?page_id=31#primaryimage"},"thumbnailUrl":"https:\/\/www.antoine-valentin.fr\/wp-content\/uploads\/2025\/07\/Design-sans-titre-19.png","datePublished":"2025-08-02T08:51:49+00:00","dateModified":"2025-11-12T19:16:22+00:00","description":"Afin de contacter Antoine Valentin merci d'utiliser ce formulaire","breadcrumb":{"@id":"https:\/\/www.antoine-valentin.fr\/?page_id=31#breadcrumb"},"inLanguage":"fr-FR","potentialAction":[{"@type":"ReadAction","target":["https:\/\/www.antoine-valentin.fr\/?page_id=31"]}]},{"@type":"ImageObject","inLanguage":"fr-FR","@id":"https:\/\/www.antoine-valentin.fr\/?page_id=31#primaryimage","url":"https:\/\/www.antoine-valentin.fr\/wp-content\/uploads\/2025\/07\/Design-sans-titre-19.png","contentUrl":"https:\/\/www.antoine-valentin.fr\/wp-content\/uploads\/2025\/07\/Design-sans-titre-19.png","width":1080,"height":1080,"caption":"ANTOINE VALENTIN - MAIRE DE SAINT JEOIRE"},{"@type":"BreadcrumbList","@id":"https:\/\/www.antoine-valentin.fr\/?page_id=31#breadcrumb","itemListElement":[{"@type":"ListItem","position":1,"name":"Home","item":"https:\/\/www.antoine-valentin.fr\/"},{"@type":"ListItem","position":2,"name":"Contact"}]},{"@type":"WebSite","@id":"https:\/\/www.antoine-valentin.fr\/#website","url":"https:\/\/www.antoine-valentin.fr\/","name":"Antoine VALENTIN","description":"\ud83c\uddeb\ud83c\uddf7 Elu local engag\u00e9 au service de la Haute-Savoie","potentialAction":[{"@type":"SearchAction","target":{"@type":"EntryPoint","urlTemplate":"https:\/\/www.antoine-valentin.fr\/?s={search_term_string}"},"query-input":{"@type":"PropertyValueSpecification","valueRequired":true,"valueName":"search_term_string"}}],"inLanguage":"fr-FR"}]}},"jetpack_sharing_enabled":true,"_links":{"self":[{"href":"https:\/\/www.antoine-valentin.fr\/index.php?rest_route=\/wp\/v2\/pages\/31","targetHints":{"allow":["GET"]}}],"collection":[{"href":"https:\/\/www.antoine-valentin.fr\/index.php?rest_route=\/wp\/v2\/pages"}],"about":[{"href":"https:\/\/www.antoine-valentin.fr\/index.php?rest_route=\/wp\/v2\/types\/page"}],"author":[{"embeddable":true,"href":"https:\/\/www.antoine-valentin.fr\/index.php?rest_route=\/wp\/v2\/users\/1"}],"replies":[{"embeddable":true,"href":"https:\/\/www.antoine-valentin.fr\/index.php?rest_route=%2Fwp%2Fv2%2Fcomments&post=31"}],"version-history":[{"count":13,"href":"https:\/\/www.antoine-valentin.fr\/index.php?rest_route=\/wp\/v2\/pages\/31\/revisions"}],"predecessor-version":[{"id":95,"href":"https:\/\/www.antoine-valentin.fr\/index.php?rest_route=\/wp\/v2\/pages\/31\/revisions\/95"}],"wp:featuredmedia":[{"embeddable":true,"href":"https:\/\/www.antoine-valentin.fr\/index.php?rest_route=\/wp\/v2\/media\/21"}],"wp:attachment":[{"href":"https:\/\/www.antoine-valentin.fr\/index.php?rest_route=%2Fwp%2Fv2%2Fmedia&parent=31"}],"curies":[{"name":"wp","href":"https:\/\/api.w.org\/{rel}","templated":true}]}}